{"id":26,"date":"2020-09-13T17:40:56","date_gmt":"2020-09-13T17:40:56","guid":{"rendered":"http:\/\/szansa.lgd-zielonebieszczady.pl\/?page_id=26"},"modified":"2021-02-24T20:25:33","modified_gmt":"2021-02-24T20:25:33","slug":"o-projekcie","status":"publish","type":"page","link":"https:\/\/szansa.lgd-zielonebieszczady.pl\/","title":{"rendered":"O projekcie"},"content":{"rendered":"\n<div class=\"wp-block-image\"><figure class=\"aligncenter size-large\"><img loading=\"lazy\" decoding=\"async\" width=\"724\" height=\"1024\" src=\"http:\/\/szansa.lgd-zielonebieszczady.pl\/wp-content\/uploads\/2021\/02\/plakat-A3-SZANSA_23.02.2021-724x1024.png\" alt=\"\" class=\"wp-image-115\" srcset=\"https:\/\/szansa.lgd-zielonebieszczady.pl\/wp-content\/uploads\/2021\/02\/plakat-A3-SZANSA_23.02.2021-724x1024.png 724w, https:\/\/szansa.lgd-zielonebieszczady.pl\/wp-content\/uploads\/2021\/02\/plakat-A3-SZANSA_23.02.2021-212x300.png 212w, https:\/\/szansa.lgd-zielonebieszczady.pl\/wp-content\/uploads\/2021\/02\/plakat-A3-SZANSA_23.02.2021-768x1086.png 768w, https:\/\/szansa.lgd-zielonebieszczady.pl\/wp-content\/uploads\/2021\/02\/plakat-A3-SZANSA_23.02.2021-1086x1536.png 1086w, https:\/\/szansa.lgd-zielonebieszczady.pl\/wp-content\/uploads\/2021\/02\/plakat-A3-SZANSA_23.02.2021-1449x2048.png 1449w\" sizes=\"auto, (max-width: 724px) 100vw, 724px\" \/><\/figure><\/div>\n\n\n\n<div class=\"wp-block-image\"><figure class=\"aligncenter size-large\"><img loading=\"lazy\" decoding=\"async\" width=\"1024\" height=\"343\" src=\"http:\/\/szansa.lgd-zielonebieszczady.pl\/wp-content\/uploads\/2020\/09\/logo-projektu-1024x343.png\" alt=\"\" class=\"wp-image-77\" srcset=\"https:\/\/szansa.lgd-zielonebieszczady.pl\/wp-content\/uploads\/2020\/09\/logo-projektu-1024x343.png 1024w, https:\/\/szansa.lgd-zielonebieszczady.pl\/wp-content\/uploads\/2020\/09\/logo-projektu-300x101.png 300w, https:\/\/szansa.lgd-zielonebieszczady.pl\/wp-content\/uploads\/2020\/09\/logo-projektu-768x257.png 768w, https:\/\/szansa.lgd-zielonebieszczady.pl\/wp-content\/uploads\/2020\/09\/logo-projektu.png 1200w\" sizes=\"auto, (max-width: 1024px) 100vw, 1024px\" \/><\/figure><\/div>\n\n\n\n<p class=\"has-text-align-center\" style=\"font-size:11px\">Model wsparcia pt. \u201eRozwijanie kompetencji podstawowych poprzez promowanie kultury i to\u017csamo\u015bci bieszczadzkiej\u201d<br>realizowany na podstawie umowy o powierzenie grantu nr WER19SZA0023<br>przez STAWIL sp. z o.o. z siedzib\u0105 w Rzeszowie (Grantobiorca)<br>w partnerstwie z Lokaln\u0105 Grup\u0105 Dzia\u0142ania \u201eZielone Bieszczady\u201d z siedzib\u0105 w Orelcu (Partner),<br>wsp\u00f3\u0142finansowany ze \u015brodk\u00f3w Europejskiego Funduszu Spo\u0142ecznego w ramach projektu:<br>\u201eSZANSA \u2013 nowe mo\u017cliwo\u015bci dla doros\u0142ych\u201d Programu Operacyjnego Wiedza Edukacja Rozw\u00f3j 2014-2020<\/p>\n\n\n\n<p><strong>Czas trwania modelu wsparcia:<\/strong> od 01.09.2020 do 30.09.2021<\/p>\n\n\n\n<p><strong>Warto\u015b\u0107 projektu:<\/strong> 691 928,16 PLN<\/p>\n\n\n\n<p><strong>Dofinansowanie:<\/strong> Projekt dofinansowany jest ze \u015brodk\u00f3w europejskich: 94,29% oraz ze \u015brodk\u00f3w dotacji celowej: 5,71 %<\/p>\n\n\n\n<p><strong>Adres Biura Lidera Projektu:<\/strong> Rzesz\u00f3w, ul. Langiewicza 29, 35-021 Rzesz\u00f3w<\/p>\n\n\n\n<p><strong>Adres Biura Partnera Projektu: <\/strong>Orelec 35, 38-623 Uherce Mineralne<\/p>\n\n\n\n<p><strong>Grupa docelowa:<\/strong><br>Uczestnikami s\u0105 osoby doros\u0142e powy\u017cej 25* roku \u017cycia:<\/p>\n\n\n\n<p>&#8211; z obszaru wojew\u00f3dztwa podkarpackiego: powiat bieszczadzki, gminy: Czarna, Lutowiska, Ustrzyki Dolne; powiat leski, gminy: Olszanica i Solina; powiat sanocki, gmina: Tyrawa Wo\u0142oska, tj. obszar uj\u0119ty w ustawie z dnia 9 pa\u017adziernika 2015 r. o rewitalizacji oraz w&nbsp;rz\u0105dowym programie o charakterze terytorialnym &#8211; Program dla Bieszczad;<\/p>\n\n\n\n<p>&#8211; z niskimi umiej\u0119tno\u015bciami podstawowymi (cyfrowymi i spo\u0142ecznymi).<\/p>\n\n\n\n<p><em><u>* Preferowane b\u0119d\u0105 osoby w wieku 50 lat i wi\u0119cej.<\/u><\/em><\/p>\n\n\n\n<p><strong>Zaplanowane wsparcie:<\/strong><\/p>\n\n\n\n<p>W ramach projektu 60 Uczestnik\u00f3w otrzyma wsparcie edukacyjne ukierunkowane na rozw\u00f3j kompetencji cyfrowych i spo\u0142ecznych realizowane w formie grupowej.<\/p>\n\n\n\n<p>Ponadto, przewidziane jest udzielnie dodatkowego wsparcia dla Uczestnik\u00f3w w&nbsp;postaci dowozu na diagnoz\u0119 zar\u00f3wno na etapie procesu rekrutacji, jaki i na etapie realizacji wsparcia edukacyjnego. W ramach dodatkowego wsparcia zaplanowali\u015bmy cykl dzia\u0142a\u0144 motywuj\u0105cych takich jak: kurs ta\u0144ca, sta\u0142e wsparcie opiekuna edukacyjnego, wyjazdowe zaj\u0119cia edukacyjne.<\/p>\n\n\n\n<p><strong>Celem modelu wsparcia jest <\/strong>podniesienie przez min. 75% os\u00f3b uczestnicz\u0105cych w jego testowaniu umiej\u0119tno\u015bci cyfrowych o min. 1 poziom w stosunku do zdiagnozowanego poziomu wyj\u015bciowego oraz podniesienie kompetencji spo\u0142ecznych r\u00f3wnie\u017c przez min. 75% os\u00f3b uczestnicz\u0105cych w jego testowaniu o min. 10% w stosunku do zdiagnozowanego poziomu wyj\u015bciowego.<\/p>\n\n\n\n<p><strong>Formu\u0142a modelu wsparcia edukacyjnego ma charakter innowacyjny<\/strong> i polega na zaanga\u017cowaniu os\u00f3b m\u0142odych (wnuk\u00f3w Uczestnik\u00f3w Projektu, ale i te\u017c innych wolontariuszy) w utrwalanie wiedzy, poprzez dodatkowe zadania praktyczne. Warto\u015b\u0107 dodana w przypadku takiej formu\u0142y jest bardzo du\u017ca gdy\u017c pozwala na integracj\u0119 mi\u0119dzypokoleniow\u0105, wymienianie si\u0119 rolami. Osoby m\u0142ode pe\u0142ni\u0105 rol\u0119 \u201emistrza\u201d dla os\u00f3b starszych w zakresach zwi\u0105zanych z kompetencjami cyfrowymi, a z kolei w zakresach zwi\u0105zanych z&nbsp;kompetencjami spo\u0142ecznymi oraz w tematyce kultury regionu\/ r\u0119kodzie\u0142a czy zwyczaj\u00f3w wchodz\u0105 w rol\u0119 \u201eucznia\u201d, podnosz\u0105c r\u00f3wnocze\u015bnie motywacj\u0119 Uczestnik\u00f3w Projektu do dalszej aktywno\u015bci np. poprzez wytwarzanie i sprzeda\u017c wyrob\u00f3w artystycznych z&nbsp;wykorzystaniem kana\u0142\u00f3w cyfrowych.<\/p>\n\n\n\n<p><\/p>\n\n\n\n<div class=\"wp-block-image\"><figure class=\"aligncenter size-large\"><img loading=\"lazy\" decoding=\"async\" width=\"727\" height=\"1024\" src=\"http:\/\/szansa.lgd-zielonebieszczady.pl\/wp-content\/uploads\/2020\/09\/szansa-727x1024.png\" alt=\"\" class=\"wp-image-72\" srcset=\"https:\/\/szansa.lgd-zielonebieszczady.pl\/wp-content\/uploads\/2020\/09\/szansa-727x1024.png 727w, https:\/\/szansa.lgd-zielonebieszczady.pl\/wp-content\/uploads\/2020\/09\/szansa-213x300.png 213w, https:\/\/szansa.lgd-zielonebieszczady.pl\/wp-content\/uploads\/2020\/09\/szansa-768x1082.png 768w, https:\/\/szansa.lgd-zielonebieszczady.pl\/wp-content\/uploads\/2020\/09\/szansa-1090x1536.png 1090w, https:\/\/szansa.lgd-zielonebieszczady.pl\/wp-content\/uploads\/2020\/09\/szansa-1454x2048.png 1454w\" sizes=\"auto, (max-width: 727px) 100vw, 727px\" \/><\/figure><\/div>\n\n\n\n<p><\/p>\n","protected":false},"excerpt":{"rendered":"<p>Model wsparcia pt. \u201eRozwijanie kompetencji podstawowych poprzez promowanie kultury i to\u017csamo\u015bci bieszczadzkiej\u201drealizowany na podstawie umowy o powierzenie grantu nr WER19SZA0023przez STAWIL sp. z o.o. z siedzib\u0105 w Rzeszowie (Grantobiorca)w partnerstwie z Lokaln\u0105 Grup\u0105 Dzia\u0142ania \u201eZielone Bieszczady\u201d z siedzib\u0105 w Orelcu (Partner),wsp\u00f3\u0142finansowany ze \u015brodk\u00f3w Europejskiego Funduszu Spo\u0142ecznego w ramach projektu:\u201eSZANSA \u2013 nowe mo\u017cliwo\u015bci dla doros\u0142ych\u201d Programu Operacyjnego Wiedza Edukacja Rozw\u00f3j 2014-2020 Czas trwania modelu wsparcia: od 01.09.2020 do 30.09.2021 Warto\u015b\u0107 projektu: 691 928,16 PLN Dofinansowanie: Projekt dofinansowany jest ze \u015brodk\u00f3w europejskich: &hellip; <a class=\"kt-excerpt-readmore more-link\" href=\"https:\/\/szansa.lgd-zielonebieszczady.pl\/\">Read More<\/a><\/p>\n","protected":false},"author":1,"featured_media":0,"parent":0,"menu_order":0,"comment_status":"closed","ping_status":"closed","template":"","meta":{"footnotes":""},"class_list":["post-26","page","type-page","status-publish","hentry"],"_links":{"self":[{"href":"https:\/\/szansa.lgd-zielonebieszczady.pl\/index.php\/wp-json\/wp\/v2\/pages\/26","targetHints":{"allow":["GET"]}}],"collection":[{"href":"https:\/\/szansa.lgd-zielonebieszczady.pl\/index.php\/wp-json\/wp\/v2\/pages"}],"about":[{"href":"https:\/\/szansa.lgd-zielonebieszczady.pl\/index.php\/wp-json\/wp\/v2\/types\/page"}],"author":[{"embeddable":true,"href":"https:\/\/szansa.lgd-zielonebieszczady.pl\/index.php\/wp-json\/wp\/v2\/users\/1"}],"replies":[{"embeddable":true,"href":"https:\/\/szansa.lgd-zielonebieszczady.pl\/index.php\/wp-json\/wp\/v2\/comments?post=26"}],"version-history":[{"count":13,"href":"https:\/\/szansa.lgd-zielonebieszczady.pl\/index.php\/wp-json\/wp\/v2\/pages\/26\/revisions"}],"predecessor-version":[{"id":117,"href":"https:\/\/szansa.lgd-zielonebieszczady.pl\/index.php\/wp-json\/wp\/v2\/pages\/26\/revisions\/117"}],"wp:attachment":[{"href":"https:\/\/szansa.lgd-zielonebieszczady.pl\/index.php\/wp-json\/wp\/v2\/media?parent=26"}],"curies":[{"name":"wp","href":"https:\/\/api.w.org\/{rel}","templated":true}]}}