{"id":29,"date":"2020-09-13T17:41:47","date_gmt":"2020-09-13T17:41:47","guid":{"rendered":"http:\/\/szansa.lgd-zielonebieszczady.pl\/?page_id=29"},"modified":"2020-09-17T17:01:35","modified_gmt":"2020-09-17T17:01:35","slug":"kontakt","status":"publish","type":"page","link":"https:\/\/szansa.lgd-zielonebieszczady.pl\/index.php\/kontakt\/","title":{"rendered":"Kontakt"},"content":{"rendered":"\n<p><strong>Adres Biura Lidera Projektu:<\/strong><br>STAWIL Sp. z o.o.<br>z siedzib\u0105 przy ul. Langiewicza 29, 35-021 Rzesz\u00f3w<br>czynne od poniedzia\u0142ku do pi\u0105tku w godz.\u00a07:30 &#8211; 15:30<br>tel. 017 30 700 90<br>e-mail:\u00a0<a rel=\"noreferrer noopener\" href=\"mailto:szansa@stawil.pl\" target=\"_blank\">szansa@stawil.pl<\/a><br>strona www:\u00a0<a rel=\"noreferrer noopener\" href=\"https:\/\/szansa.stawil.pl\/\" target=\"_blank\">szansa.stawil.pl<\/a><\/p>\n\n\n\n<p><strong>Adres Biura Partnera Projektu:<\/strong><br>Lokalna Grupa Dzia\u0142ania \u201eZielone Bieszczady\u201d<br>z siedzib\u0105 w Orelcu 35,&nbsp; 38-623 Uherce Mineralne<br>czynne od poniedzia\u0142ku do pi\u0105tku w godz. 8:00-16:00<br>tel. 513 852 200<br>e-mail:&nbsp;<a href=\"mailto:szansa.lgdzielonebieszczady@gmail.com\" target=\"_blank\" rel=\"noreferrer noopener\">szansa.lgdzielonebieszczady@gmail.com<\/a><br>strona www projektu:&nbsp;<a href=\"http:\/\/szansa.lgd-zielonebieszczady.pl\/\" target=\"_blank\" rel=\"noreferrer noopener\">szansa.lgd-zielonebieszczady.pl<\/a><\/p>\n","protected":false},"excerpt":{"rendered":"<p>Adres Biura Lidera Projektu:STAWIL Sp. z o.o.z siedzib\u0105 przy ul. Langiewicza 29, 35-021 Rzesz\u00f3wczynne od poniedzia\u0142ku do pi\u0105tku w godz.\u00a07:30 &#8211; 15:30tel. 017 30 700 90e-mail:\u00a0szansa@stawil.plstrona www:\u00a0szansa.stawil.pl Adres Biura Partnera Projektu:Lokalna Grupa Dzia\u0142ania \u201eZielone Bieszczady\u201dz siedzib\u0105 w Orelcu 35,&nbsp; 38-623 Uherce Mineralneczynne od poniedzia\u0142ku do pi\u0105tku w godz. 8:00-16:00tel. 513 852 200e-mail:&nbsp;szansa.lgdzielonebieszczady@gmail.comstrona www projektu:&nbsp;szansa.lgd-zielonebieszczady.pl<\/p>\n","protected":false},"author":1,"featured_media":0,"parent":0,"menu_order":0,"comment_status":"closed","ping_status":"closed","template":"","meta":{"footnotes":""},"class_list":["post-29","page","type-page","status-publish","hentry"],"_links":{"self":[{"href":"https:\/\/szansa.lgd-zielonebieszczady.pl\/index.php\/wp-json\/wp\/v2\/pages\/29","targetHints":{"allow":["GET"]}}],"collection":[{"href":"https:\/\/szansa.lgd-zielonebieszczady.pl\/index.php\/wp-json\/wp\/v2\/pages"}],"about":[{"href":"https:\/\/szansa.lgd-zielonebieszczady.pl\/index.php\/wp-json\/wp\/v2\/types\/page"}],"author":[{"embeddable":true,"href":"https:\/\/szansa.lgd-zielonebieszczady.pl\/index.php\/wp-json\/wp\/v2\/users\/1"}],"replies":[{"embeddable":true,"href":"https:\/\/szansa.lgd-zielonebieszczady.pl\/index.php\/wp-json\/wp\/v2\/comments?post=29"}],"version-history":[{"count":3,"href":"https:\/\/szansa.lgd-zielonebieszczady.pl\/index.php\/wp-json\/wp\/v2\/pages\/29\/revisions"}],"predecessor-version":[{"id":76,"href":"https:\/\/szansa.lgd-zielonebieszczady.pl\/index.php\/wp-json\/wp\/v2\/pages\/29\/revisions\/76"}],"wp:attachment":[{"href":"https:\/\/szansa.lgd-zielonebieszczady.pl\/index.php\/wp-json\/wp\/v2\/media?parent=29"}],"curies":[{"name":"wp","href":"https:\/\/api.w.org\/{rel}","templated":true}]}}